{"id":9702,"date":"2019-11-20T09:13:50","date_gmt":"2019-11-20T09:13:50","guid":{"rendered":"https:\/\/www.servizicasabella.com\/?page_id=9702"},"modified":"2019-11-20T09:17:55","modified_gmt":"2019-11-20T09:17:55","slug":"policy-privacy","status":"publish","type":"page","link":"https:\/\/www.servizicasabella.com\/index.php\/policy-privacy\/","title":{"rendered":"Policy Privacy"},"content":{"rendered":"<p>[vc_row][vc_column][vc_column_text]<\/p>\n<h1><strong>COOKIE POLICY \u2013 informativa estesa<\/strong><\/h1>\n<p>Con il primo accesso al Sito, l\u2019utente sar\u00e0 informato dell&#8217;uso di cookie e della presente policy che dovr\u00e0 essere accettata per poter proseguire nella navigazione. L\u2019accettazione della presente cookie policy e la navigazione sul Sito senza la disattivazione dei cookies comporta l\u2019autorizzazione da parte dell\u2019utente all\u2019uso di questo tipo di cookies. La presente policy sar\u00e0 sempre disponibile sul Sito.<\/p>\n<p>Qui di seguito, vengono date le informazioni sui \u201ccookie\u201d, che tipo di cookie vengono utilizzati, come \u00e8 possibile disattivarli e come disabilitare i cookie di terze parti.<\/p>\n<h2><strong>CHE COSA SONO I COOKIES<\/strong><\/h2>\n<p>I cookies sono piccoli file di testo che i siti visitati dall&#8217;utente inviano al suo device (smartphone, computer, tablet) dove vengono memorizzati per essere poi ritrasmessi agli stessi siti alla successiva visita al fine di migliorarne l\u2019esperienza di accesso.<\/p>\n<p>I cookies possono anche essere di siti o di web server diversi da quello in cui si naviga (c.d. cookie di &#8220;terze parti&#8221;) in presenza di link (anche tramite immagini o suoni) a pagine web di altri domini.<\/p>\n<p>In base alle caratteristiche e all\u2019utilizzo, i cookie si possono dividere in diverse categorie: tecnici, di profilazione, propri, di terze parti.<\/p>\n<h2>QUALI COOKIES UTILIZZA<span>\u00a0<\/span><b>SERVIZI CASA BELLA<\/b><\/h2>\n<p>Cookies tecnici (per i quali non \u00e8 richiesto il consenso):<\/p>\n<ul>\n<li>Cookies di sessione o di navigazione che permettono di accedere ai servizi disponibili per ciascuna tipologia di utente e di caricare eventuali personalizzazioni dell\u2019interfaccia e delle funzionalit\u00e0 del sito.<\/li>\n<li>Cookies analytics (utilizzati direttamente dal gestore del sito e\/o app per raccogliere informazioni, analitiche, in forma anonima e aggregata, su come gli utenti usano i siti e monitorano le prestazioni della medesima).<\/li>\n<li>Cookies funzionali o di personalizzazione (i cookies che vengono usati per riconoscere e ricordare le preferenze e consentono di accedere ad una versione del sito che si basa su alcuni criteri predefiniti quali ad esempio la lingua utilizzata).<\/li>\n<li>Web Beacon: Si tratta di piccole immagini, anche note come &#8220;tag pixel&#8221; o &#8220;GIF trasparenti&#8221;, che il titolare pu\u00f2 includere nel proprio sito, servizi, app, messaggi e strumenti. In genere funzionano con i cookie per identificare gli utenti e le loro attivit\u00e0.<\/li>\n<li>Cookies analytics: il Sito utilizza Google Analytics, un servizio di analisi web che utilizza i cookies per analizzare come gli utenti utilizzano il Sito. Le informazioni generate da tali cookie verranno trasmesse a Google e depositate presso i server di Google negli Stati Uniti. Google utilizzer\u00e0 queste informazioni allo scopo di tracciare e esaminare l\u2019utilizzo del Sito da parte dell\u2019utente, compilare report sulle attivit\u00e0 del Sito e fornire altri servizi relativi alle attivit\u00e0 del Sito. Google pu\u00f2 anche trasferire queste informazioni a terzi ove ci\u00f2 sia imposto dalla legge o laddove tali terzi trattino le suddette informazioni per conto di Google. Google render\u00e0 anonimo l\u2019indirizzo IP dell\u2019utente e non lo assocer\u00e0 quindi a nessun altro dato posseduto da Google. Per maggiori informazioni si prega di consultare il seguente link \u00a0<a href=\"https:\/\/support.google.com\/analytics\/answer\/6004245\" target=\"_blank\" rel=\"noopener noreferrer\">https:\/\/support.google.com\/analytics\/answer\/6004245<\/a>. L&#8217;utente pu\u00f2 disabilitare in modo selettivo l&#8217;azione di Google Analytics installando sul proprio browser la componente di opt-out fornita da Google:\u00a0<a href=\"https:\/\/tools.google.com\/dlpage\/gaoptout\" target=\"_blank\" rel=\"noopener noreferrer\">https:\/\/tools.google.com\/dlpage\/gaoptout<\/a>.<\/li>\n<\/ul>\n<h2><strong>COOKIES DI PROFILAZIONE DI TERZE PARTI<\/strong><\/h2>\n<p>Attraverso la navigazione del Sito, l\u2019utente potrebbe ricevere cookies di terze parti, anche di profilazione. Si tratta di cookie utilizzati per tracciare la navigazione dell&#8217;utente in rete e creare profili al fine di inviare messaggi promozionali in linea con le preferenze manifestate in precedenza dall\u2019utente. Per maggiori dettagli o negare il consenso ai cookie di terze parti \u00e8 possibile cliccare sui link presenti nelle seguenti sezioni.<\/p>\n<div class=\"responsive_table\">\n<table width=\"100%\">\n<tbody>\n<tr>\n<th>Google Adwords<\/th>\n<td colspan=\"2\"><a target=\"_blank\" href=\"https:\/\/policies.google.com\/privacy?hl=it\" rel=\"noopener noreferrer\">Informativa<\/a><\/td>\n<td><a target=\"_blank\" href=\"https:\/\/adssettings.google.com\/authenticated\" rel=\"noopener noreferrer\">Negare il consenso<\/a><\/td>\n<\/tr>\n<tr>\n<th>Google Doubleclick<\/th>\n<td><a target=\"_blank\" href=\"https:\/\/policies.google.com\/privacy?hl=it\" rel=\"noopener noreferrer\">Informativa<\/a><\/td>\n<td><a target=\"_blank\" href=\"https:\/\/adssettings.google.com\/authenticated\" rel=\"noopener noreferrer\">Deseleziona<\/a><\/td>\n<td><a target=\"_blank\" href=\"https:\/\/adssettings.google.com\/authenticated\" rel=\"noopener noreferrer\">Negare il consenso<\/a><\/td>\n<\/tr>\n<\/tbody>\n<\/table>\n<\/div>\n<p><u>Social Plugin<\/u>: sono i cookies installati dai social buttons (Facebook, Twitter, ecc\u2026). Il loro utilizzo \u00e8 facoltativo. Quando l\u2019utente utilizza uno dei plugin appena richiamati, attraverso la pressione del tasto-icona di riferimento, il Sito si metter\u00e0 in contatto, attraverso il browser dell\u2019utente, con i server presso i quali vengono gestiti i servizi di social sharing richiamati, comunicando loro i dati che l\u2019utente intende pubblicare e condividere attraverso il proprio profilo social (di cui l\u2019utente rimane l&#8217;unico responsabile) ed informandoli (i server) delle pagine che l\u2019utente ha visitato. Si ricorda che per escludere questa possibilit\u00e0, l\u2019utente deve evitare di condividere i contenuti con l&#8217;utilizzo dei pulsanti dei plugin sopra elencati. Per ulteriori dettagli riguardo l\u2019utilizzo e la raccolta di dati attraverso i social plugin e per sapere come vengono trattati (e per quali finalit\u00e0) i dati cos\u00ec raccolti e trasmessi, preghiamo l\u2019utente di consultare l \u0301informativa privacy e legale rilasciata dai titolari dei servizi in questione.<\/p>\n<h2><strong>DURATA DEI COOKIE<\/strong><\/h2>\n<p>Alcuni cookie (cookie di sessione) restano attivi solo fino alla chiusura del browser o all&#8217;esecuzione del comando di logout. Altri cookie &#8220;sopravvivono&#8221; alla chiusura del browser e sono disponibili anche in successive visite dell&#8217;utente. Questi cookie sono detti persistenti e la loro durata \u00e8 fissata dal server al momento della loro creazione. Navigando attraverso le pagine del Sito, si pu\u00f2 interagire con siti gestiti da terze parti che possono creare o modificare cookie persistenti e di profilazione.<\/p>\n<h2><strong>GESTIONE DEI COOKIE<\/strong><\/h2>\n<p>L&#8217;utente pu\u00f2 decidere se accettare o meno i cookie utilizzando le impostazioni del proprio browser. La disabilitazione totale o parziale dei cookie potrebbe compromette l&#8217;utilizzo delle funzionalit\u00e0 del Sito, ma non impedirne la navigazione. L&#8217;impostazione pu\u00f2 essere definita in modo specifico per i diversi siti e applicazioni web. Di seguito le risorse web che illustrano come procedere per ciascuno dei principali browser:\u00a0<a href=\"https:\/\/support.google.com\/chrome\/answer\/95647?hl=it\" target=\"_blank\" rel=\"noopener noreferrer\">Chrome<\/a>,\u00a0<a href=\"https:\/\/support.mozilla.org\/it\/kb\/Gestione%20dei%20cookie\" target=\"_blank\" rel=\"noopener noreferrer\">Firefox<\/a>,\u00a0<a href=\"https:\/\/support.microsoft.com\/it-it\/help\/17442\/windows-internet-explorer-delete-manage-cookie\" target=\"_blank\" rel=\"noopener noreferrer\">Internet Explorer<\/a>,\u00a0<a href=\"http:\/\/help.opera.com\/Windows\/10.00\/it\/cookie.html\" target=\"_blank\" rel=\"noopener noreferrer\">Opera<\/a>,\u00a0<a href=\"https:\/\/support.apple.com\/kb\/HT1677?viewlocale=it_IT\" target=\"_blank\" rel=\"noopener noreferrer\">Safari<\/a>.\u00a0Per una panoramica delle modalit\u00e0 di azione per i browser pi\u00f9 comuni, si pu\u00f2 visitare\u00a0<a href=\"http:\/\/www.cookiepedia.co.uk\/index.php?title=How_to_Manage_Cookies\" target=\"_blank\" rel=\"noopener noreferrer\">cookiepedia<\/a>.<\/p>\n<p>Maggiori informazioni possono essere richieste scrivendo al Titolare all\u2019indirizzo mail<strong> casabella75@tiscali.it<\/strong><\/p>\n<p><b>Data pubblicazione: 20\/11\/2019<\/b>[\/vc_column_text][\/vc_column][\/vc_row]<\/p>\n","protected":false},"excerpt":{"rendered":"<p>[vc_row][vc_column][vc_column_text] COOKIE POLICY \u2013 informativa estesa Con il primo accesso al Sito, l\u2019utente sar\u00e0 informato dell&#8217;uso di cookie e della presente policy che dovr\u00e0 essere accettata per poter proseguire nella navigazione. L\u2019accettazione della presente cookie policy e la navigazione sul Sito senza la disattivazione dei cookies comporta l\u2019autorizzazione da parte<\/p>\n","protected":false},"author":1,"featured_media":0,"parent":0,"menu_order":0,"comment_status":"closed","ping_status":"closed","template":"","meta":{"footnotes":""},"class_list":["post-9702","page","type-page","status-publish","hentry"],"yoast_head":"<!-- This site is optimized with the Yoast SEO plugin v24.5 - https:\/\/yoast.com\/wordpress\/plugins\/seo\/ -->\n<title>Policy Privacy | Servizi Casa Bella<\/title>\n<meta name=\"robots\" content=\"index, follow, max-snippet:-1, max-image-preview:large, max-video-preview:-1\" \/>\n<link rel=\"canonical\" href=\"https:\/\/www.servizicasabella.com\/index.php\/policy-privacy\/\" \/>\n<meta property=\"og:locale\" content=\"it_IT\" \/>\n<meta property=\"og:type\" content=\"article\" \/>\n<meta property=\"og:title\" content=\"Policy Privacy | Servizi Casa Bella\" \/>\n<meta property=\"og:description\" content=\"[vc_row][vc_column][vc_column_text] COOKIE POLICY \u2013 informativa estesa Con il primo accesso al Sito, l\u2019utente sar\u00e0 informato dell&#8217;uso di cookie e della presente policy che dovr\u00e0 essere accettata per poter proseguire nella navigazione. L\u2019accettazione della presente cookie policy e la navigazione sul Sito senza la disattivazione dei cookies comporta l\u2019autorizzazione da parte\" \/>\n<meta property=\"og:url\" content=\"https:\/\/www.servizicasabella.com\/index.php\/policy-privacy\/\" \/>\n<meta property=\"og:site_name\" content=\"Servizi Casa Bella\" \/>\n<meta property=\"article:modified_time\" content=\"2019-11-20T09:17:55+00:00\" \/>\n<meta name=\"twitter:card\" content=\"summary_large_image\" \/>\n<meta name=\"twitter:label1\" content=\"Tempo di lettura stimato\" \/>\n\t<meta name=\"twitter:data1\" content=\"5 minuti\" \/>\n<script type=\"application\/ld+json\" class=\"yoast-schema-graph\">{\"@context\":\"https:\/\/schema.org\",\"@graph\":[{\"@type\":\"WebPage\",\"@id\":\"https:\/\/www.servizicasabella.com\/index.php\/policy-privacy\/\",\"url\":\"https:\/\/www.servizicasabella.com\/index.php\/policy-privacy\/\",\"name\":\"Policy Privacy | Servizi Casa Bella\",\"isPartOf\":{\"@id\":\"https:\/\/www.servizicasabella.com\/#website\"},\"datePublished\":\"2019-11-20T09:13:50+00:00\",\"dateModified\":\"2019-11-20T09:17:55+00:00\",\"breadcrumb\":{\"@id\":\"https:\/\/www.servizicasabella.com\/index.php\/policy-privacy\/#breadcrumb\"},\"inLanguage\":\"it-IT\",\"potentialAction\":[{\"@type\":\"ReadAction\",\"target\":[\"https:\/\/www.servizicasabella.com\/index.php\/policy-privacy\/\"]}]},{\"@type\":\"BreadcrumbList\",\"@id\":\"https:\/\/www.servizicasabella.com\/index.php\/policy-privacy\/#breadcrumb\",\"itemListElement\":[{\"@type\":\"ListItem\",\"position\":1,\"name\":\"Home\",\"item\":\"https:\/\/www.servizicasabella.com\/\"},{\"@type\":\"ListItem\",\"position\":2,\"name\":\"Policy Privacy\"}]},{\"@type\":\"WebSite\",\"@id\":\"https:\/\/www.servizicasabella.com\/#website\",\"url\":\"https:\/\/www.servizicasabella.com\/\",\"name\":\"Servizi Casa Bella\",\"description\":\"Just another WordPress site\",\"publisher\":{\"@id\":\"https:\/\/www.servizicasabella.com\/#organization\"},\"potentialAction\":[{\"@type\":\"SearchAction\",\"target\":{\"@type\":\"EntryPoint\",\"urlTemplate\":\"https:\/\/www.servizicasabella.com\/?s={search_term_string}\"},\"query-input\":{\"@type\":\"PropertyValueSpecification\",\"valueRequired\":true,\"valueName\":\"search_term_string\"}}],\"inLanguage\":\"it-IT\"},{\"@type\":\"Organization\",\"@id\":\"https:\/\/www.servizicasabella.com\/#organization\",\"name\":\"Servizi Casa Bella\",\"url\":\"https:\/\/www.servizicasabella.com\/\",\"logo\":{\"@type\":\"ImageObject\",\"inLanguage\":\"it-IT\",\"@id\":\"https:\/\/www.servizicasabella.com\/#\/schema\/logo\/image\/\",\"url\":\"https:\/\/www.servizicasabella.com\/wp-content\/uploads\/2020\/02\/logo-casa-bella-header-sito250-px-rosso.png\",\"contentUrl\":\"https:\/\/www.servizicasabella.com\/wp-content\/uploads\/2020\/02\/logo-casa-bella-header-sito250-px-rosso.png\",\"width\":250,\"height\":84,\"caption\":\"Servizi Casa Bella\"},\"image\":{\"@id\":\"https:\/\/www.servizicasabella.com\/#\/schema\/logo\/image\/\"}}]}<\/script>\n<!-- \/ Yoast SEO plugin. -->","yoast_head_json":{"title":"Policy Privacy | Servizi Casa Bella","robots":{"index":"index","follow":"follow","max-snippet":"max-snippet:-1","max-image-preview":"max-image-preview:large","max-video-preview":"max-video-preview:-1"},"canonical":"https:\/\/www.servizicasabella.com\/index.php\/policy-privacy\/","og_locale":"it_IT","og_type":"article","og_title":"Policy Privacy | Servizi Casa Bella","og_description":"[vc_row][vc_column][vc_column_text] COOKIE POLICY \u2013 informativa estesa Con il primo accesso al Sito, l\u2019utente sar\u00e0 informato dell&#8217;uso di cookie e della presente policy che dovr\u00e0 essere accettata per poter proseguire nella navigazione. L\u2019accettazione della presente cookie policy e la navigazione sul Sito senza la disattivazione dei cookies comporta l\u2019autorizzazione da parte","og_url":"https:\/\/www.servizicasabella.com\/index.php\/policy-privacy\/","og_site_name":"Servizi Casa Bella","article_modified_time":"2019-11-20T09:17:55+00:00","twitter_card":"summary_large_image","twitter_misc":{"Tempo di lettura stimato":"5 minuti"},"schema":{"@context":"https:\/\/schema.org","@graph":[{"@type":"WebPage","@id":"https:\/\/www.servizicasabella.com\/index.php\/policy-privacy\/","url":"https:\/\/www.servizicasabella.com\/index.php\/policy-privacy\/","name":"Policy Privacy | Servizi Casa Bella","isPartOf":{"@id":"https:\/\/www.servizicasabella.com\/#website"},"datePublished":"2019-11-20T09:13:50+00:00","dateModified":"2019-11-20T09:17:55+00:00","breadcrumb":{"@id":"https:\/\/www.servizicasabella.com\/index.php\/policy-privacy\/#breadcrumb"},"inLanguage":"it-IT","potentialAction":[{"@type":"ReadAction","target":["https:\/\/www.servizicasabella.com\/index.php\/policy-privacy\/"]}]},{"@type":"BreadcrumbList","@id":"https:\/\/www.servizicasabella.com\/index.php\/policy-privacy\/#breadcrumb","itemListElement":[{"@type":"ListItem","position":1,"name":"Home","item":"https:\/\/www.servizicasabella.com\/"},{"@type":"ListItem","position":2,"name":"Policy Privacy"}]},{"@type":"WebSite","@id":"https:\/\/www.servizicasabella.com\/#website","url":"https:\/\/www.servizicasabella.com\/","name":"Servizi Casa Bella","description":"Just another WordPress site","publisher":{"@id":"https:\/\/www.servizicasabella.com\/#organization"},"potentialAction":[{"@type":"SearchAction","target":{"@type":"EntryPoint","urlTemplate":"https:\/\/www.servizicasabella.com\/?s={search_term_string}"},"query-input":{"@type":"PropertyValueSpecification","valueRequired":true,"valueName":"search_term_string"}}],"inLanguage":"it-IT"},{"@type":"Organization","@id":"https:\/\/www.servizicasabella.com\/#organization","name":"Servizi Casa Bella","url":"https:\/\/www.servizicasabella.com\/","logo":{"@type":"ImageObject","inLanguage":"it-IT","@id":"https:\/\/www.servizicasabella.com\/#\/schema\/logo\/image\/","url":"https:\/\/www.servizicasabella.com\/wp-content\/uploads\/2020\/02\/logo-casa-bella-header-sito250-px-rosso.png","contentUrl":"https:\/\/www.servizicasabella.com\/wp-content\/uploads\/2020\/02\/logo-casa-bella-header-sito250-px-rosso.png","width":250,"height":84,"caption":"Servizi Casa Bella"},"image":{"@id":"https:\/\/www.servizicasabella.com\/#\/schema\/logo\/image\/"}}]}},"_links":{"self":[{"href":"https:\/\/www.servizicasabella.com\/index.php\/wp-json\/wp\/v2\/pages\/9702","targetHints":{"allow":["GET"]}}],"collection":[{"href":"https:\/\/www.servizicasabella.com\/index.php\/wp-json\/wp\/v2\/pages"}],"about":[{"href":"https:\/\/www.servizicasabella.com\/index.php\/wp-json\/wp\/v2\/types\/page"}],"author":[{"embeddable":true,"href":"https:\/\/www.servizicasabella.com\/index.php\/wp-json\/wp\/v2\/users\/1"}],"replies":[{"embeddable":true,"href":"https:\/\/www.servizicasabella.com\/index.php\/wp-json\/wp\/v2\/comments?post=9702"}],"version-history":[{"count":3,"href":"https:\/\/www.servizicasabella.com\/index.php\/wp-json\/wp\/v2\/pages\/9702\/revisions"}],"predecessor-version":[{"id":9705,"href":"https:\/\/www.servizicasabella.com\/index.php\/wp-json\/wp\/v2\/pages\/9702\/revisions\/9705"}],"wp:attachment":[{"href":"https:\/\/www.servizicasabella.com\/index.php\/wp-json\/wp\/v2\/media?parent=9702"}],"curies":[{"name":"wp","href":"https:\/\/api.w.org\/{rel}","templated":true}]}}